{"id":504,"date":"2019-09-16T22:45:47","date_gmt":"2019-09-16T22:45:47","guid":{"rendered":"http:\/\/camdg.com.ar\/demo\/?page_id=504"},"modified":"2019-09-27T11:35:09","modified_gmt":"2019-09-27T11:35:09","slug":"gabriela-elena-mas","status":"publish","type":"page","link":"http:\/\/camdg.com.ar\/demo\/gabriela-elena-mas\/","title":{"rendered":"Gabriela Elena M\u00e1s"},"content":{"rendered":"\t\t<div data-elementor-type=\"wp-post\" data-elementor-id=\"504\" class=\"elementor elementor-504\">\n\t\t\t\t\t\t<section class=\"elementor-section elementor-top-section elementor-element elementor-element-882f89d elementor-section-boxed elementor-section-height-default elementor-section-height-default\" data-id=\"882f89d\" data-element_type=\"section\">\n\t\t\t\t\t\t<div class=\"elementor-container elementor-column-gap-default\">\n\t\t\t\t\t<div class=\"elementor-column elementor-col-25 elementor-top-column elementor-element elementor-element-bdc31e5\" data-id=\"bdc31e5\" data-element_type=\"column\">\n\t\t\t<div class=\"elementor-widget-wrap elementor-element-populated\">\n\t\t\t\t\t\t<div class=\"elementor-element elementor-element-2ac7d85 elementor-widget elementor-widget-image\" data-id=\"2ac7d85\" data-element_type=\"widget\" data-widget_type=\"image.default\">\n\t\t\t\t<div class=\"elementor-widget-container\">\n\t\t\t\t\t\t\t\t\t\t\t\t\t<img decoding=\"async\" width=\"10\" height=\"420\" src=\"http:\/\/camdg.com.ar\/demo\/wp-content\/uploads\/2019\/04\/puntos.png\" class=\"attachment-large size-large wp-image-424\" alt=\"\" \/>\t\t\t\t\t\t\t\t\t\t\t\t\t<\/div>\n\t\t\t\t<\/div>\n\t\t\t\t\t<\/div>\n\t\t<\/div>\n\t\t\t\t<div class=\"elementor-column elementor-col-50 elementor-top-column elementor-element elementor-element-e91b43a\" data-id=\"e91b43a\" data-element_type=\"column\">\n\t\t\t<div class=\"elementor-widget-wrap elementor-element-populated\">\n\t\t\t\t\t\t<div class=\"elementor-element elementor-element-0863145 elementor-widget elementor-widget-text-editor\" data-id=\"0863145\" data-element_type=\"widget\" data-widget_type=\"text-editor.default\">\n\t\t\t\t<div class=\"elementor-widget-container\">\n\t\t\t\t\t\t\t<p><span style=\"color: #808080;\"><strong>Area Contable<\/strong>. Contadora P\u00fablica desde 2001, egresada de la Facultad de Ciencias Econ\u00f3micas de la Universidad Nacional de Rosario. Mag\u00edster\u00a0<\/span><\/p><p><span style=\"color: #808080;\">Posgrado en Administraci\u00f3n de Negocios. CEyCE \u2013 Fundaci\u00f3n Libertad (2004). Posgrado en Agro-negocios. CEyCE \u2013 Fundaci\u00f3n Libertad (2007). Analista financiero en el \u00e1rea de Administraci\u00f3n y Finanzas en John Deere Credit Argentina durante 9 a\u00f1os, responsable de: Confecci\u00f3n del Plan Anual reportado a Casa Matriz. Preparaci\u00f3n de Forecast trimestrales a Casa Matriz. Control de gesti\u00f3n y sus variaciones. Reporte mensual del Balance y Estado de Resultados a Casa Matriz. Reportes varios confeccionados bajo normas americanas \u2013 US GAAP. Soporte en el \u00e1rea contable (Balance Local). Preparaci\u00f3n del Plan de Negocios (Presupuesto B.C.R.A.). Controles presupuestarios y de gesti\u00f3n. An\u00e1lisis de cuentas y armado de papeles de trabajo para auditor\u00edas. Conocimiento de normativas del B.C.R.A., Banco Central de la Rep\u00fablica Argentina para las entidades financieras, espec\u00edficamente en lo relacionado a reg\u00edmenes de informaci\u00f3n. Soporte Contable en el Colegio de Ingenieros Civiles de Rosario durante 2 a\u00f1os. Idiomas: Ingl\u00e9s.\u00a0<\/span><\/p>\t\t\t\t\t\t<\/div>\n\t\t\t\t<\/div>\n\t\t\t\t\t<\/div>\n\t\t<\/div>\n\t\t\t\t<div class=\"elementor-column elementor-col-25 elementor-top-column elementor-element elementor-element-886e37b\" data-id=\"886e37b\" data-element_type=\"column\">\n\t\t\t<div class=\"elementor-widget-wrap elementor-element-populated\">\n\t\t\t\t\t\t<div class=\"elementor-element elementor-element-660ab92 elementor-widget elementor-widget-image\" data-id=\"660ab92\" data-element_type=\"widget\" data-widget_type=\"image.default\">\n\t\t\t\t<div class=\"elementor-widget-container\">\n\t\t\t\t\t\t\t\t\t\t\t\t\t<img decoding=\"async\" width=\"200\" height=\"200\" src=\"http:\/\/camdg.com.ar\/demo\/wp-content\/uploads\/2019\/09\/ch-gabriela.gif\" class=\"attachment-large size-large wp-image-550\" alt=\"\" \/>\t\t\t\t\t\t\t\t\t\t\t\t\t<\/div>\n\t\t\t\t<\/div>\n\t\t\t\t<div class=\"elementor-element elementor-element-74e72e6 elementor-widget elementor-widget-image\" data-id=\"74e72e6\" data-element_type=\"widget\" data-widget_type=\"image.default\">\n\t\t\t\t<div class=\"elementor-widget-container\">\n\t\t\t\t\t\t\t\t\t\t\t\t\t<img decoding=\"async\" width=\"200\" height=\"24\" src=\"http:\/\/camdg.com.ar\/demo\/wp-content\/uploads\/2019\/04\/piebordo.png\" class=\"attachment-large size-large wp-image-450\" alt=\"\" srcset=\"http:\/\/camdg.com.ar\/demo\/wp-content\/uploads\/2019\/04\/piebordo.png 200w, http:\/\/camdg.com.ar\/demo\/wp-content\/uploads\/2019\/04\/piebordo-150x18.png 150w\" sizes=\"(max-width: 200px) 100vw, 200px\" \/>\t\t\t\t\t\t\t\t\t\t\t\t\t<\/div>\n\t\t\t\t<\/div>\n\t\t\t\t\t<\/div>\n\t\t<\/div>\n\t\t\t\t\t<\/div>\n\t\t<\/section>\n\t\t\t\t<\/div>\n\t\t","protected":false},"excerpt":{"rendered":"<p>Area Contable. Contadora P\u00fablica desde 2001, egresada de la Facultad de Ciencias Econ\u00f3micas de la Universidad Nacional de Rosario. Mag\u00edster\u00a0 Posgrado en Administraci\u00f3n de Negocios. CEyCE \u2013 Fundaci\u00f3n Libertad (2004). Posgrado en Agro-negocios. CEyCE \u2013 Fundaci\u00f3n Libertad (2007). Analista financiero en el \u00e1rea de Administraci\u00f3n y Finanzas en John Deere&#8230;<\/p>\n<p> <a class=\"continue-reading-link\" href=\"http:\/\/camdg.com.ar\/demo\/gabriela-elena-mas\/\"><span>Continue reading<\/span><i class=\"crycon-right-dir\"><\/i><\/a> <\/p>\n","protected":false},"author":3,"featured_media":0,"parent":0,"menu_order":0,"comment_status":"closed","ping_status":"closed","template":"","meta":{"footnotes":""},"_links":{"self":[{"href":"http:\/\/camdg.com.ar\/demo\/wp-json\/wp\/v2\/pages\/504"}],"collection":[{"href":"http:\/\/camdg.com.ar\/demo\/wp-json\/wp\/v2\/pages"}],"about":[{"href":"http:\/\/camdg.com.ar\/demo\/wp-json\/wp\/v2\/types\/page"}],"author":[{"embeddable":true,"href":"http:\/\/camdg.com.ar\/demo\/wp-json\/wp\/v2\/users\/3"}],"replies":[{"embeddable":true,"href":"http:\/\/camdg.com.ar\/demo\/wp-json\/wp\/v2\/comments?post=504"}],"version-history":[{"count":6,"href":"http:\/\/camdg.com.ar\/demo\/wp-json\/wp\/v2\/pages\/504\/revisions"}],"predecessor-version":[{"id":551,"href":"http:\/\/camdg.com.ar\/demo\/wp-json\/wp\/v2\/pages\/504\/revisions\/551"}],"wp:attachment":[{"href":"http:\/\/camdg.com.ar\/demo\/wp-json\/wp\/v2\/media?parent=504"}],"curies":[{"name":"wp","href":"https:\/\/api.w.org\/{rel}","templated":true}]}}