{"id":489,"date":"2019-09-16T22:23:35","date_gmt":"2019-09-16T22:23:35","guid":{"rendered":"http:\/\/camdg.com.ar\/demo\/?page_id=489"},"modified":"2019-09-27T12:20:10","modified_gmt":"2019-09-27T12:20:10","slug":"marisa-bertossi","status":"publish","type":"page","link":"http:\/\/camdg.com.ar\/demo\/marisa-bertossi\/","title":{"rendered":"Marisa Bertossi"},"content":{"rendered":"\t\t<div data-elementor-type=\"wp-post\" data-elementor-id=\"489\" class=\"elementor elementor-489\">\n\t\t\t\t\t\t<section class=\"elementor-section elementor-top-section elementor-element elementor-element-e431194 elementor-section-boxed elementor-section-height-default elementor-section-height-default\" data-id=\"e431194\" data-element_type=\"section\">\n\t\t\t\t\t\t<div class=\"elementor-container elementor-column-gap-default\">\n\t\t\t\t\t<div class=\"elementor-column elementor-col-25 elementor-top-column elementor-element elementor-element-a1a98f0\" data-id=\"a1a98f0\" data-element_type=\"column\">\n\t\t\t<div class=\"elementor-widget-wrap elementor-element-populated\">\n\t\t\t\t\t\t<div class=\"elementor-element elementor-element-d9c3b08 elementor-widget elementor-widget-image\" data-id=\"d9c3b08\" data-element_type=\"widget\" data-widget_type=\"image.default\">\n\t\t\t\t<div class=\"elementor-widget-container\">\n\t\t\t\t\t\t\t\t\t\t\t\t\t<img decoding=\"async\" width=\"10\" height=\"420\" src=\"http:\/\/camdg.com.ar\/demo\/wp-content\/uploads\/2019\/04\/puntos.png\" class=\"attachment-large size-large wp-image-424\" alt=\"\" \/>\t\t\t\t\t\t\t\t\t\t\t\t\t<\/div>\n\t\t\t\t<\/div>\n\t\t\t\t\t<\/div>\n\t\t<\/div>\n\t\t\t\t<div class=\"elementor-column elementor-col-50 elementor-top-column elementor-element elementor-element-3a4dd44\" data-id=\"3a4dd44\" data-element_type=\"column\">\n\t\t\t<div class=\"elementor-widget-wrap elementor-element-populated\">\n\t\t\t\t\t\t<div class=\"elementor-element elementor-element-1bfe1e9 elementor-widget elementor-widget-text-editor\" data-id=\"1bfe1e9\" data-element_type=\"widget\" data-widget_type=\"text-editor.default\">\n\t\t\t\t<div class=\"elementor-widget-container\">\n\t\t\t\t\t\t\t<p><strong>Asociada.<\/strong> Es Abogada desde 1995, egresada de la Facultad de Derecho de la Universidad Nacional de Rosario. Adscripta a la c\u00e1tedra de Derecho Procesal I en la Facultad de Derecho de la Universidad Nacional de Rosario (1997-1998). Candidata a Mag\u00edster Maestr\u00eda en Derecho Procesal por la Facultad de Derecho, Universidad Nacional de Rosario; 1999-2000). Diplomada en Derecho Procesal Constitucional de la Facultad de Derecho de la Universidad Cat\u00f3lica Argentina dirigida por el Dr. Nestor P. Sag\u00fces (2005-2006). Curso de Profundizaci\u00f3n sobre la Problem\u00e1tica Jur\u00eddica de la Empresa Familiar de la Facultad de Derecho de la Universidad Nacional de Rosario (2008). Curso de Auxiliar en Gesti\u00f3n Ambiental (2012)., Colaboradora en la 4a. edici\u00f3n y 5a edici\u00f3n de la obra C\u00f3digo Procesal Civil y Comercial de la provincia de Santa Fe: concordancias explicadas del Dr. Adolfo Alvarado Velloso (1998 y 2001). Coordinadora del Curso de Especializaci\u00f3n en Magistratura Judicial dirigido por el Dr. Adolfo Alvarado Velloso dictado por la Universidad Nacional de Rosario en Azul, Buenos Aires (2000-2001). Coordinadora de la Maestr\u00eda en Derecho Procesal dirigida por el Dr. Adolfo Alvarado Velloso en la Facultad de Derecho de la Universidad Nacional de Rosario (2001-2002). Miembro titular de la Academia Virtual Iberoamericana de Derecho y de Altos Estudios Judiciales.<\/p>\t\t\t\t\t\t<\/div>\n\t\t\t\t<\/div>\n\t\t\t\t\t<\/div>\n\t\t<\/div>\n\t\t\t\t<div class=\"elementor-column elementor-col-25 elementor-top-column elementor-element elementor-element-786919c\" data-id=\"786919c\" data-element_type=\"column\">\n\t\t\t<div class=\"elementor-widget-wrap elementor-element-populated\">\n\t\t\t\t\t\t<div class=\"elementor-element elementor-element-e1a54aa elementor-widget elementor-widget-image\" data-id=\"e1a54aa\" data-element_type=\"widget\" data-widget_type=\"image.default\">\n\t\t\t\t<div class=\"elementor-widget-container\">\n\t\t\t\t\t\t\t\t\t\t\t\t\t<img decoding=\"async\" width=\"200\" height=\"200\" src=\"http:\/\/camdg.com.ar\/demo\/wp-content\/uploads\/2019\/09\/ch-marisa.gif\" class=\"attachment-large size-large wp-image-562\" alt=\"\" \/>\t\t\t\t\t\t\t\t\t\t\t\t\t<\/div>\n\t\t\t\t<\/div>\n\t\t\t\t<div class=\"elementor-element elementor-element-0ab5635 elementor-widget elementor-widget-image\" data-id=\"0ab5635\" data-element_type=\"widget\" data-widget_type=\"image.default\">\n\t\t\t\t<div class=\"elementor-widget-container\">\n\t\t\t\t\t\t\t\t\t\t\t\t\t<img decoding=\"async\" width=\"200\" height=\"24\" src=\"http:\/\/camdg.com.ar\/demo\/wp-content\/uploads\/2019\/04\/piebordo.png\" class=\"attachment-large size-large wp-image-450\" alt=\"\" srcset=\"http:\/\/camdg.com.ar\/demo\/wp-content\/uploads\/2019\/04\/piebordo.png 200w, http:\/\/camdg.com.ar\/demo\/wp-content\/uploads\/2019\/04\/piebordo-150x18.png 150w\" sizes=\"(max-width: 200px) 100vw, 200px\" \/>\t\t\t\t\t\t\t\t\t\t\t\t\t<\/div>\n\t\t\t\t<\/div>\n\t\t\t\t\t<\/div>\n\t\t<\/div>\n\t\t\t\t\t<\/div>\n\t\t<\/section>\n\t\t\t\t<\/div>\n\t\t","protected":false},"excerpt":{"rendered":"<p>Asociada. Es Abogada desde 1995, egresada de la Facultad de Derecho de la Universidad Nacional de Rosario. Adscripta a la c\u00e1tedra de Derecho Procesal I en la Facultad de Derecho de la Universidad Nacional de Rosario (1997-1998). Candidata a Mag\u00edster Maestr\u00eda en Derecho Procesal por la Facultad de Derecho, Universidad&#8230;<\/p>\n<p> <a class=\"continue-reading-link\" href=\"http:\/\/camdg.com.ar\/demo\/marisa-bertossi\/\"><span>Continue reading<\/span><i class=\"crycon-right-dir\"><\/i><\/a> <\/p>\n","protected":false},"author":3,"featured_media":0,"parent":0,"menu_order":0,"comment_status":"closed","ping_status":"closed","template":"","meta":{"footnotes":""},"_links":{"self":[{"href":"http:\/\/camdg.com.ar\/demo\/wp-json\/wp\/v2\/pages\/489"}],"collection":[{"href":"http:\/\/camdg.com.ar\/demo\/wp-json\/wp\/v2\/pages"}],"about":[{"href":"http:\/\/camdg.com.ar\/demo\/wp-json\/wp\/v2\/types\/page"}],"author":[{"embeddable":true,"href":"http:\/\/camdg.com.ar\/demo\/wp-json\/wp\/v2\/users\/3"}],"replies":[{"embeddable":true,"href":"http:\/\/camdg.com.ar\/demo\/wp-json\/wp\/v2\/comments?post=489"}],"version-history":[{"count":5,"href":"http:\/\/camdg.com.ar\/demo\/wp-json\/wp\/v2\/pages\/489\/revisions"}],"predecessor-version":[{"id":563,"href":"http:\/\/camdg.com.ar\/demo\/wp-json\/wp\/v2\/pages\/489\/revisions\/563"}],"wp:attachment":[{"href":"http:\/\/camdg.com.ar\/demo\/wp-json\/wp\/v2\/media?parent=489"}],"curies":[{"name":"wp","href":"https:\/\/api.w.org\/{rel}","templated":true}]}}