{"id":479,"date":"2019-09-16T20:22:44","date_gmt":"2019-09-16T20:22:44","guid":{"rendered":"http:\/\/camdg.com.ar\/demo\/?page_id=479"},"modified":"2019-09-17T18:36:04","modified_gmt":"2019-09-17T18:36:04","slug":"jeremias-martin","status":"publish","type":"page","link":"http:\/\/camdg.com.ar\/demo\/jeremias-martin\/","title":{"rendered":"Jerem\u00edas Mart\u00edn"},"content":{"rendered":"\t\t<div data-elementor-type=\"wp-post\" data-elementor-id=\"479\" class=\"elementor elementor-479\">\n\t\t\t\t\t\t<section class=\"elementor-section elementor-top-section elementor-element elementor-element-bbf3af8 elementor-section-boxed elementor-section-height-default elementor-section-height-default\" data-id=\"bbf3af8\" data-element_type=\"section\">\n\t\t\t\t\t\t<div class=\"elementor-container elementor-column-gap-default\">\n\t\t\t\t\t<div class=\"elementor-column elementor-col-25 elementor-top-column elementor-element elementor-element-2032ad3\" data-id=\"2032ad3\" data-element_type=\"column\">\n\t\t\t<div class=\"elementor-widget-wrap elementor-element-populated\">\n\t\t\t\t\t\t<div class=\"elementor-element elementor-element-cc9976a elementor-widget elementor-widget-image\" data-id=\"cc9976a\" data-element_type=\"widget\" data-widget_type=\"image.default\">\n\t\t\t\t<div class=\"elementor-widget-container\">\n\t\t\t\t\t\t\t\t\t\t\t\t\t<img decoding=\"async\" width=\"10\" height=\"420\" src=\"http:\/\/camdg.com.ar\/demo\/wp-content\/uploads\/2019\/04\/puntos.png\" class=\"attachment-large size-large wp-image-424\" alt=\"\" \/>\t\t\t\t\t\t\t\t\t\t\t\t\t<\/div>\n\t\t\t\t<\/div>\n\t\t\t\t\t<\/div>\n\t\t<\/div>\n\t\t\t\t<div class=\"elementor-column elementor-col-50 elementor-top-column elementor-element elementor-element-b25795e\" data-id=\"b25795e\" data-element_type=\"column\">\n\t\t\t<div class=\"elementor-widget-wrap elementor-element-populated\">\n\t\t\t\t\t\t<div class=\"elementor-element elementor-element-42153df elementor-widget elementor-widget-text-editor\" data-id=\"42153df\" data-element_type=\"widget\" data-widget_type=\"text-editor.default\">\n\t\t\t\t<div class=\"elementor-widget-container\">\n\t\t\t\t\t\t\t<p><strong>SOCIO<\/strong>. Es abogado por la Facultad de Derecho y Ciencias Sociales de la Pontificia Universidad cat\u00f3lica Argentina (2007). Ha realizado posgrados de especializaci\u00f3n en Derecho del Trabajo, Derecho Empresario y Derecho Procesal (PUCA \u2013 UNR). Es Mediador. Es Secretario General del Tribunal de Arbitraje del Colegio de Abogados de Rosario. Es apoderado de compa\u00f1\u00edas multinacionales de seguros. Fue asesor en la Honorable C\u00e1mara de Diputados de la Naci\u00f3n en materia de derecho del trabajo y derechos humanos. Fue asesor en el Consejo Municipal de Rosario en materia de producci\u00f3n y comercio. Fue abogado de la Municipalidad de la ciudad de Funes, provincia de Santa Fe. Fue Director del Colegio de Abogados de Rosario.\u00a0 Se especializa en litigio civil, comercial y laboral.<\/p>\t\t\t\t\t\t<\/div>\n\t\t\t\t<\/div>\n\t\t\t\t\t<\/div>\n\t\t<\/div>\n\t\t\t\t<div class=\"elementor-column elementor-col-25 elementor-top-column elementor-element elementor-element-cdde28b\" data-id=\"cdde28b\" data-element_type=\"column\">\n\t\t\t<div class=\"elementor-widget-wrap elementor-element-populated\">\n\t\t\t\t\t\t<div class=\"elementor-element elementor-element-c2e120e elementor-widget elementor-widget-image\" data-id=\"c2e120e\" data-element_type=\"widget\" data-widget_type=\"image.default\">\n\t\t\t\t<div class=\"elementor-widget-container\">\n\t\t\t\t\t\t\t\t\t\t\t\t\t<img decoding=\"async\" width=\"200\" height=\"200\" src=\"http:\/\/camdg.com.ar\/demo\/wp-content\/uploads\/2019\/09\/ch-martin-jeremias.gif\" class=\"attachment-medium size-medium wp-image-484\" alt=\"\" \/>\t\t\t\t\t\t\t\t\t\t\t\t\t<\/div>\n\t\t\t\t<\/div>\n\t\t\t\t<div class=\"elementor-element elementor-element-5400c9f elementor-widget elementor-widget-image\" data-id=\"5400c9f\" data-element_type=\"widget\" data-widget_type=\"image.default\">\n\t\t\t\t<div class=\"elementor-widget-container\">\n\t\t\t\t\t\t\t\t\t\t\t\t\t<img decoding=\"async\" width=\"200\" height=\"24\" src=\"http:\/\/camdg.com.ar\/demo\/wp-content\/uploads\/2019\/04\/piebordo.png\" class=\"attachment-large size-large wp-image-450\" alt=\"\" srcset=\"http:\/\/camdg.com.ar\/demo\/wp-content\/uploads\/2019\/04\/piebordo.png 200w, http:\/\/camdg.com.ar\/demo\/wp-content\/uploads\/2019\/04\/piebordo-150x18.png 150w\" sizes=\"(max-width: 200px) 100vw, 200px\" \/>\t\t\t\t\t\t\t\t\t\t\t\t\t<\/div>\n\t\t\t\t<\/div>\n\t\t\t\t\t<\/div>\n\t\t<\/div>\n\t\t\t\t\t<\/div>\n\t\t<\/section>\n\t\t\t\t<\/div>\n\t\t","protected":false},"excerpt":{"rendered":"<p>SOCIO. Es abogado por la Facultad de Derecho y Ciencias Sociales de la Pontificia Universidad cat\u00f3lica Argentina (2007). Ha realizado posgrados de especializaci\u00f3n en Derecho del Trabajo, Derecho Empresario y Derecho Procesal (PUCA \u2013 UNR). Es Mediador. Es Secretario General del Tribunal de Arbitraje del Colegio de Abogados de Rosario&#8230;.<\/p>\n<p> <a class=\"continue-reading-link\" href=\"http:\/\/camdg.com.ar\/demo\/jeremias-martin\/\"><span>Continue reading<\/span><i class=\"crycon-right-dir\"><\/i><\/a> <\/p>\n","protected":false},"author":3,"featured_media":0,"parent":0,"menu_order":0,"comment_status":"closed","ping_status":"closed","template":"","meta":{"footnotes":""},"_links":{"self":[{"href":"http:\/\/camdg.com.ar\/demo\/wp-json\/wp\/v2\/pages\/479"}],"collection":[{"href":"http:\/\/camdg.com.ar\/demo\/wp-json\/wp\/v2\/pages"}],"about":[{"href":"http:\/\/camdg.com.ar\/demo\/wp-json\/wp\/v2\/types\/page"}],"author":[{"embeddable":true,"href":"http:\/\/camdg.com.ar\/demo\/wp-json\/wp\/v2\/users\/3"}],"replies":[{"embeddable":true,"href":"http:\/\/camdg.com.ar\/demo\/wp-json\/wp\/v2\/comments?post=479"}],"version-history":[{"count":5,"href":"http:\/\/camdg.com.ar\/demo\/wp-json\/wp\/v2\/pages\/479\/revisions"}],"predecessor-version":[{"id":525,"href":"http:\/\/camdg.com.ar\/demo\/wp-json\/wp\/v2\/pages\/479\/revisions\/525"}],"wp:attachment":[{"href":"http:\/\/camdg.com.ar\/demo\/wp-json\/wp\/v2\/media?parent=479"}],"curies":[{"name":"wp","href":"https:\/\/api.w.org\/{rel}","templated":true}]}}