{"id":464,"date":"2019-04-25T20:47:06","date_gmt":"2019-04-25T20:47:06","guid":{"rendered":"http:\/\/camdg.com.ar\/demo\/?page_id=464"},"modified":"2019-04-25T20:52:03","modified_gmt":"2019-04-25T20:52:03","slug":"area-laboral-empresaria","status":"publish","type":"page","link":"http:\/\/camdg.com.ar\/demo\/area-laboral-empresaria\/","title":{"rendered":"Area Laboral Empresaria"},"content":{"rendered":"\t\t<div data-elementor-type=\"wp-post\" data-elementor-id=\"464\" class=\"elementor elementor-464\">\n\t\t\t\t\t\t<section class=\"elementor-section elementor-top-section elementor-element elementor-element-e1f5355 elementor-section-boxed elementor-section-height-default elementor-section-height-default\" data-id=\"e1f5355\" data-element_type=\"section\">\n\t\t\t\t\t\t<div class=\"elementor-container elementor-column-gap-default\">\n\t\t\t\t\t<div class=\"elementor-column elementor-col-100 elementor-top-column elementor-element elementor-element-c3f1067\" data-id=\"c3f1067\" data-element_type=\"column\">\n\t\t\t<div class=\"elementor-widget-wrap elementor-element-populated\">\n\t\t\t\t\t\t<section class=\"elementor-section elementor-inner-section elementor-element elementor-element-9205d16 elementor-section-boxed elementor-section-height-default elementor-section-height-default\" data-id=\"9205d16\" data-element_type=\"section\">\n\t\t\t\t\t\t<div class=\"elementor-container elementor-column-gap-default\">\n\t\t\t\t\t<div class=\"elementor-column elementor-col-50 elementor-inner-column elementor-element elementor-element-07c9f38\" data-id=\"07c9f38\" data-element_type=\"column\">\n\t\t\t<div class=\"elementor-widget-wrap elementor-element-populated\">\n\t\t\t\t\t\t<div class=\"elementor-element elementor-element-365e7e4 elementor-widget elementor-widget-text-editor\" data-id=\"365e7e4\" data-element_type=\"widget\" data-widget_type=\"text-editor.default\">\n\t\t\t\t<div class=\"elementor-widget-container\">\n\t\t\t\t\t\t\t<p>El Area Laboral del Estudio ofrece servicios tanto en <strong>Derecho Laboral<\/strong> como en <strong>Relaciones Laborales<\/strong>.<\/p><p>Asuntos de <strong>Derecho Laboral:<\/strong><\/p><p><strong>Plano externo<\/strong>: consiste en la atenci\u00f3n de los juicios laborales contra la empresa, y tambi\u00e9n la intervenci\u00f3n en los juicios por incapacidad iniciados contra la ART contratada. Este servicio incluye la formulaci\u00f3n y ejecuci\u00f3n de proyectos para bajar la litigiosidad y el costo asociado a la contrataci\u00f3n de la ART.<strong>\u00a0<\/strong><\/p><p><strong>Plano interno: <\/strong>se focaliza en el asesoramiento para la toma de decisiones laborales individuales o colectivas, con foco simult\u00e1neo en el cumplimiento de los objetivos de la empresa y el control del riesgo.<\/p><p>Asuntos de <strong>Relaciones Laborales:<\/strong><strong>\u00a0<\/strong><\/p><p><strong>\u00a0\u00a0\u00a0\u00a0\u00a0\u00a0\u00a0\u00a0\u00a0\u00a0\u00a0\u00a0\u00a0\u00a0\u00a0 Plano externo: <\/strong>relacionamiento con Sindicatos, con Ministerios de Trabajo, atenci\u00f3n de conflictos, negociaciones salariales, diagnostico de RRLL y estrategias anuales.<\/p><p>\u00a0\u00a0\u00a0\u00a0\u00a0\u00a0\u00a0\u00a0\u00a0\u00a0\u00a0\u00a0\u00a0\u00a0\u00a0 <strong>Plano interno<\/strong>: relacionamiento con jefes, empleados y comisiones internas. Proyectos para bajar el ausentismo y mejorar la disciplina. Resoluci\u00f3n de casos individuales complejos.<\/p>\t\t\t\t\t\t<\/div>\n\t\t\t\t<\/div>\n\t\t\t\t\t<\/div>\n\t\t<\/div>\n\t\t\t\t<div class=\"elementor-column elementor-col-50 elementor-inner-column elementor-element elementor-element-1550768\" data-id=\"1550768\" data-element_type=\"column\">\n\t\t\t<div class=\"elementor-widget-wrap elementor-element-populated\">\n\t\t\t\t\t\t<div class=\"elementor-element elementor-element-2d15479 elementor-widget elementor-widget-image\" data-id=\"2d15479\" data-element_type=\"widget\" data-widget_type=\"image.default\">\n\t\t\t\t<div class=\"elementor-widget-container\">\n\t\t\t\t\t\t\t\t\t\t\t\t\t<img fetchpriority=\"high\" decoding=\"async\" width=\"600\" height=\"400\" src=\"http:\/\/camdg.com.ar\/demo\/wp-content\/uploads\/2019\/04\/sec-area-laboral.png\" class=\"attachment-full size-full wp-image-468\" alt=\"\" srcset=\"http:\/\/camdg.com.ar\/demo\/wp-content\/uploads\/2019\/04\/sec-area-laboral.png 600w, http:\/\/camdg.com.ar\/demo\/wp-content\/uploads\/2019\/04\/sec-area-laboral-300x200.png 300w, http:\/\/camdg.com.ar\/demo\/wp-content\/uploads\/2019\/04\/sec-area-laboral-150x100.png 150w\" sizes=\"(max-width: 600px) 100vw, 600px\" \/>\t\t\t\t\t\t\t\t\t\t\t\t\t<\/div>\n\t\t\t\t<\/div>\n\t\t\t\t\t<\/div>\n\t\t<\/div>\n\t\t\t\t\t<\/div>\n\t\t<\/section>\n\t\t\t\t\t<\/div>\n\t\t<\/div>\n\t\t\t\t\t<\/div>\n\t\t<\/section>\n\t\t\t\t<\/div>\n\t\t","protected":false},"excerpt":{"rendered":"<p>El Area Laboral del Estudio ofrece servicios tanto en Derecho Laboral como en Relaciones Laborales. Asuntos de Derecho Laboral: Plano externo: consiste en la atenci\u00f3n de los juicios laborales contra la empresa, y tambi\u00e9n la intervenci\u00f3n en los juicios por incapacidad iniciados contra la ART contratada. Este servicio incluye la&#8230;<\/p>\n<p> <a class=\"continue-reading-link\" href=\"http:\/\/camdg.com.ar\/demo\/area-laboral-empresaria\/\"><span>Continue reading<\/span><i class=\"crycon-right-dir\"><\/i><\/a> <\/p>\n","protected":false},"author":3,"featured_media":0,"parent":0,"menu_order":0,"comment_status":"closed","ping_status":"closed","template":"","meta":{"footnotes":""},"_links":{"self":[{"href":"http:\/\/camdg.com.ar\/demo\/wp-json\/wp\/v2\/pages\/464"}],"collection":[{"href":"http:\/\/camdg.com.ar\/demo\/wp-json\/wp\/v2\/pages"}],"about":[{"href":"http:\/\/camdg.com.ar\/demo\/wp-json\/wp\/v2\/types\/page"}],"author":[{"embeddable":true,"href":"http:\/\/camdg.com.ar\/demo\/wp-json\/wp\/v2\/users\/3"}],"replies":[{"embeddable":true,"href":"http:\/\/camdg.com.ar\/demo\/wp-json\/wp\/v2\/comments?post=464"}],"version-history":[{"count":3,"href":"http:\/\/camdg.com.ar\/demo\/wp-json\/wp\/v2\/pages\/464\/revisions"}],"predecessor-version":[{"id":469,"href":"http:\/\/camdg.com.ar\/demo\/wp-json\/wp\/v2\/pages\/464\/revisions\/469"}],"wp:attachment":[{"href":"http:\/\/camdg.com.ar\/demo\/wp-json\/wp\/v2\/media?parent=464"}],"curies":[{"name":"wp","href":"https:\/\/api.w.org\/{rel}","templated":true}]}}