{"id":397,"date":"2019-04-12T18:02:52","date_gmt":"2019-04-12T18:02:52","guid":{"rendered":"http:\/\/camdg.com.ar\/demo\/?page_id=397"},"modified":"2019-09-27T11:36:14","modified_gmt":"2019-09-27T11:36:14","slug":"gabriel-di-paolo","status":"publish","type":"page","link":"http:\/\/camdg.com.ar\/demo\/gabriel-di-paolo\/","title":{"rendered":"Gabriel Di Paolo"},"content":{"rendered":"\t\t<div data-elementor-type=\"wp-post\" data-elementor-id=\"397\" class=\"elementor elementor-397\">\n\t\t\t\t\t\t<section class=\"elementor-section elementor-top-section elementor-element elementor-element-e4e7a7d elementor-section-boxed elementor-section-height-default elementor-section-height-default\" data-id=\"e4e7a7d\" data-element_type=\"section\">\n\t\t\t\t\t\t<div class=\"elementor-container elementor-column-gap-default\">\n\t\t\t\t\t<div class=\"elementor-column elementor-col-50 elementor-top-column elementor-element elementor-element-7a348e3\" data-id=\"7a348e3\" data-element_type=\"column\">\n\t\t\t<div class=\"elementor-widget-wrap elementor-element-populated\">\n\t\t\t\t\t\t<div class=\"elementor-element elementor-element-11fa091 elementor-widget elementor-widget-image\" data-id=\"11fa091\" data-element_type=\"widget\" data-widget_type=\"image.default\">\n\t\t\t\t<div class=\"elementor-widget-container\">\n\t\t\t\t\t\t\t\t\t\t\t\t\t<img decoding=\"async\" width=\"10\" height=\"420\" src=\"http:\/\/camdg.com.ar\/demo\/wp-content\/uploads\/2019\/04\/puntos.png\" class=\"attachment-large size-large wp-image-424\" alt=\"\" \/>\t\t\t\t\t\t\t\t\t\t\t\t\t<\/div>\n\t\t\t\t<\/div>\n\t\t\t\t\t<\/div>\n\t\t<\/div>\n\t\t\t\t<div class=\"elementor-column elementor-col-50 elementor-top-column elementor-element elementor-element-dd5ae19\" data-id=\"dd5ae19\" data-element_type=\"column\">\n\t\t\t<div class=\"elementor-widget-wrap elementor-element-populated\">\n\t\t\t\t\t\t<section class=\"elementor-section elementor-inner-section elementor-element elementor-element-027a436 elementor-section-boxed elementor-section-height-default elementor-section-height-default\" data-id=\"027a436\" data-element_type=\"section\">\n\t\t\t\t\t\t<div class=\"elementor-container elementor-column-gap-default\">\n\t\t\t\t\t<div class=\"elementor-column elementor-col-50 elementor-inner-column elementor-element elementor-element-318f43d\" data-id=\"318f43d\" data-element_type=\"column\">\n\t\t\t<div class=\"elementor-widget-wrap elementor-element-populated\">\n\t\t\t\t\t\t<div class=\"elementor-element elementor-element-3525ca0 elementor-widget elementor-widget-text-editor\" data-id=\"3525ca0\" data-element_type=\"widget\" data-widget_type=\"text-editor.default\">\n\t\t\t\t<div class=\"elementor-widget-container\">\n\t\t\t\t\t\t\t<p style=\"text-align: justify;\"><strong>SOCIO. <\/strong>Abogado (UNR, 1999) con especializaci\u00f3n en Econom\u00eda (UCA, 2002) y asesor de empresas. Socio del Estudio Alvarado Velloso &amp; Asociados de Rosario entre 1999 y 2003, y nuevamente desde noviembre de 2018 hasta la actualidad. A su trayectoria como profesional independiente le agreg\u00f3 15 a\u00f1os de experiencia en Acindar, empresa en la cual se desempe\u00f1\u00f3 como Gerente de Relaciones Laborales desde 2011 a 2018, luego de haber sido Gerente de Area de Relaciones Gremiales, Gerente de Control de Contratistas y Abogado a cargo del \u00e1rea de juicios laborales de la Empresa. En representaci\u00f3n de Acindar, adem\u00e1s de ser apoderado general de la empresa, fue apoderado de la C\u00e1mara Argentina del Acero y miembro paritario por el sector empresarial en la negociaci\u00f3n de convenios colectivos con UOMRA y ASIMRA (2012\/2018). Integr\u00f3 el Foro de Cooperacion para el Desarrollo Sustentable de Villa Constituci\u00f3n (2012-2015) y la Mesa Cuatripartita de Formaci\u00f3n Profesional de la misma ciudad (2016-2017). Tiene experiencia como docente universitario (UNR 2000-2002) y ha sido expositor en diferentes cursos y paneles del \u00e1rea del Derecho del Trabajo y Relaciones Laborales (entre ellos, Foro Anual de Relaciones Laborales y Negociaci\u00f3n Colectiva, Forum, 2015, 2016 y 2017, Congreso de Gesti\u00f3n de Capital Humano Assistem 2017). Se especializa en el asesoramiento legal a empresas y en brindar capacitaciones en temas del Derecho Laboral y Relaciones Laborales.<\/p><p>\u00a0<\/p>\t\t\t\t\t\t<\/div>\n\t\t\t\t<\/div>\n\t\t\t\t\t<\/div>\n\t\t<\/div>\n\t\t\t\t<div class=\"elementor-column elementor-col-50 elementor-inner-column elementor-element elementor-element-86eb4d0\" data-id=\"86eb4d0\" data-element_type=\"column\">\n\t\t\t<div class=\"elementor-widget-wrap elementor-element-populated\">\n\t\t\t\t\t\t<div class=\"elementor-element elementor-element-1a88515 elementor-widget elementor-widget-image\" data-id=\"1a88515\" data-element_type=\"widget\" data-widget_type=\"image.default\">\n\t\t\t\t<div class=\"elementor-widget-container\">\n\t\t\t\t\t\t\t\t\t\t\t\t\t<img decoding=\"async\" width=\"200\" height=\"200\" src=\"http:\/\/camdg.com.ar\/demo\/wp-content\/uploads\/2019\/09\/ch-dipaolo.gif\" class=\"attachment-medium size-medium wp-image-552\" alt=\"\" \/>\t\t\t\t\t\t\t\t\t\t\t\t\t<\/div>\n\t\t\t\t<\/div>\n\t\t\t\t<div class=\"elementor-element elementor-element-3fb0e01 elementor-widget elementor-widget-image\" data-id=\"3fb0e01\" data-element_type=\"widget\" data-widget_type=\"image.default\">\n\t\t\t\t<div class=\"elementor-widget-container\">\n\t\t\t\t\t\t\t\t\t\t\t\t\t<img decoding=\"async\" width=\"200\" height=\"24\" src=\"http:\/\/camdg.com.ar\/demo\/wp-content\/uploads\/2019\/04\/piebordo.png\" class=\"attachment-large size-large wp-image-450\" alt=\"\" srcset=\"http:\/\/camdg.com.ar\/demo\/wp-content\/uploads\/2019\/04\/piebordo.png 200w, http:\/\/camdg.com.ar\/demo\/wp-content\/uploads\/2019\/04\/piebordo-150x18.png 150w\" sizes=\"(max-width: 200px) 100vw, 200px\" \/>\t\t\t\t\t\t\t\t\t\t\t\t\t<\/div>\n\t\t\t\t<\/div>\n\t\t\t\t\t<\/div>\n\t\t<\/div>\n\t\t\t\t\t<\/div>\n\t\t<\/section>\n\t\t\t\t\t<\/div>\n\t\t<\/div>\n\t\t\t\t\t<\/div>\n\t\t<\/section>\n\t\t\t\t<\/div>\n\t\t","protected":false},"excerpt":{"rendered":"<p>SOCIO. Abogado (UNR, 1999) con especializaci\u00f3n en Econom\u00eda (UCA, 2002) y asesor de empresas. Socio del Estudio Alvarado Velloso &amp; Asociados de Rosario entre 1999 y 2003, y nuevamente desde noviembre de 2018 hasta la actualidad. A su trayectoria como profesional independiente le agreg\u00f3 15 a\u00f1os de experiencia en Acindar,&#8230;<\/p>\n<p> <a class=\"continue-reading-link\" href=\"http:\/\/camdg.com.ar\/demo\/gabriel-di-paolo\/\"><span>Continue reading<\/span><i class=\"crycon-right-dir\"><\/i><\/a> <\/p>\n","protected":false},"author":3,"featured_media":0,"parent":0,"menu_order":0,"comment_status":"closed","ping_status":"closed","template":"","meta":{"footnotes":""},"_links":{"self":[{"href":"http:\/\/camdg.com.ar\/demo\/wp-json\/wp\/v2\/pages\/397"}],"collection":[{"href":"http:\/\/camdg.com.ar\/demo\/wp-json\/wp\/v2\/pages"}],"about":[{"href":"http:\/\/camdg.com.ar\/demo\/wp-json\/wp\/v2\/types\/page"}],"author":[{"embeddable":true,"href":"http:\/\/camdg.com.ar\/demo\/wp-json\/wp\/v2\/users\/3"}],"replies":[{"embeddable":true,"href":"http:\/\/camdg.com.ar\/demo\/wp-json\/wp\/v2\/comments?post=397"}],"version-history":[{"count":11,"href":"http:\/\/camdg.com.ar\/demo\/wp-json\/wp\/v2\/pages\/397\/revisions"}],"predecessor-version":[{"id":553,"href":"http:\/\/camdg.com.ar\/demo\/wp-json\/wp\/v2\/pages\/397\/revisions\/553"}],"wp:attachment":[{"href":"http:\/\/camdg.com.ar\/demo\/wp-json\/wp\/v2\/media?parent=397"}],"curies":[{"name":"wp","href":"https:\/\/api.w.org\/{rel}","templated":true}]}}