{"id":387,"date":"2019-04-12T17:33:18","date_gmt":"2019-04-12T17:33:18","guid":{"rendered":"http:\/\/camdg.com.ar\/demo\/?page_id=387"},"modified":"2019-09-27T11:30:24","modified_gmt":"2019-09-27T11:30:24","slug":"jorge-alvarado-arichuluaga","status":"publish","type":"page","link":"http:\/\/camdg.com.ar\/demo\/jorge-alvarado-arichuluaga\/","title":{"rendered":"Jorge Alvarado Arichuluaga"},"content":{"rendered":"\t\t<div data-elementor-type=\"wp-post\" data-elementor-id=\"387\" class=\"elementor elementor-387\">\n\t\t\t\t\t\t<section class=\"elementor-section elementor-top-section elementor-element elementor-element-b038d10 elementor-section-boxed elementor-section-height-default elementor-section-height-default\" data-id=\"b038d10\" data-element_type=\"section\">\n\t\t\t\t\t\t<div class=\"elementor-container elementor-column-gap-default\">\n\t\t\t\t\t<div class=\"elementor-column elementor-col-50 elementor-top-column elementor-element elementor-element-28e16cb\" data-id=\"28e16cb\" data-element_type=\"column\">\n\t\t\t<div class=\"elementor-widget-wrap elementor-element-populated\">\n\t\t\t\t\t\t<div class=\"elementor-element elementor-element-de0362c elementor-widget elementor-widget-image\" data-id=\"de0362c\" data-element_type=\"widget\" data-widget_type=\"image.default\">\n\t\t\t\t<div class=\"elementor-widget-container\">\n\t\t\t\t\t\t\t\t\t\t\t\t\t<img decoding=\"async\" width=\"10\" height=\"420\" src=\"http:\/\/camdg.com.ar\/demo\/wp-content\/uploads\/2019\/04\/puntos.png\" class=\"attachment-large size-large wp-image-424\" alt=\"\" \/>\t\t\t\t\t\t\t\t\t\t\t\t\t<\/div>\n\t\t\t\t<\/div>\n\t\t\t\t\t<\/div>\n\t\t<\/div>\n\t\t\t\t<div class=\"elementor-column elementor-col-50 elementor-top-column elementor-element elementor-element-6121f51\" data-id=\"6121f51\" data-element_type=\"column\">\n\t\t\t<div class=\"elementor-widget-wrap elementor-element-populated\">\n\t\t\t\t\t\t<section class=\"elementor-section elementor-inner-section elementor-element elementor-element-66cbbf8 elementor-section-boxed elementor-section-height-default elementor-section-height-default\" data-id=\"66cbbf8\" data-element_type=\"section\">\n\t\t\t\t\t\t<div class=\"elementor-container elementor-column-gap-default\">\n\t\t\t\t\t<div class=\"elementor-column elementor-col-50 elementor-inner-column elementor-element elementor-element-a6b9954\" data-id=\"a6b9954\" data-element_type=\"column\">\n\t\t\t<div class=\"elementor-widget-wrap elementor-element-populated\">\n\t\t\t\t\t\t<div class=\"elementor-element elementor-element-1a8419b elementor-widget elementor-widget-text-editor\" data-id=\"1a8419b\" data-element_type=\"widget\" data-widget_type=\"text-editor.default\">\n\t\t\t\t<div class=\"elementor-widget-container\">\n\t\t\t\t\t\t\t<p style=\"text-align: justify;\"><strong>SOCIO.<\/strong> Es Abogado por la Facultad de Derecho y Ciencias Pol\u00edticas de la Universidad Abierta Interamericana (2009). Procurador por la Facultad de Derecho y Ciencias Pol\u00edticas de la Universidad Abierta Interamericana (2004). Especialista en Educaci\u00f3n y Nuevas Tecnolog\u00edas por la\u00a0 Facultad Latinoamericana de Ciencias Sociales FLACSO (2012). Candidato a Magister en Derecho Procesal por Facultad de Derecho de la Universidad Nacional de Rosario (2011). Universidad Nacional de Rosario. Especializando en Derecho del Trabajo por Facultad de Derecho de la Universidad Nacional de Rosario (UNR). Profesor estable del Curso Intensivo para J\u00f3venes Abogados en la Facultad de Derecho de la Universidad Nacional de Rosario. Coordinador de la Maestria de Derecho Procesal y de otros Cursos de Especializaci\u00f3n y Diplomaturas en Derecho Procesal en el pa\u00eds y en el exterior. Adem\u00e1s, ejerce como Secretario de la Fundaci\u00f3n para el Desarrollo de las Ciencias Jur\u00eddicas y Coordinador General de la Academia Virtual de Derecho y Altos Estudio Judiciales. Tiene una vasta experiencia en el \u00e1rea prejudicial y judicial.<\/p>\t\t\t\t\t\t<\/div>\n\t\t\t\t<\/div>\n\t\t\t\t\t<\/div>\n\t\t<\/div>\n\t\t\t\t<div class=\"elementor-column elementor-col-50 elementor-inner-column elementor-element elementor-element-1ce5a54\" data-id=\"1ce5a54\" data-element_type=\"column\">\n\t\t\t<div class=\"elementor-widget-wrap elementor-element-populated\">\n\t\t\t\t\t\t<div class=\"elementor-element elementor-element-a6fedf4 elementor-widget elementor-widget-image\" data-id=\"a6fedf4\" data-element_type=\"widget\" data-widget_type=\"image.default\">\n\t\t\t\t<div class=\"elementor-widget-container\">\n\t\t\t\t\t\t\t\t\t\t\t\t\t<img decoding=\"async\" width=\"200\" height=\"200\" src=\"http:\/\/camdg.com.ar\/demo\/wp-content\/uploads\/2019\/09\/ch-alvarado-arichu.gif\" class=\"attachment-large size-large wp-image-544\" alt=\"\" \/>\t\t\t\t\t\t\t\t\t\t\t\t\t<\/div>\n\t\t\t\t<\/div>\n\t\t\t\t<div class=\"elementor-element elementor-element-365f763 elementor-widget elementor-widget-image\" data-id=\"365f763\" data-element_type=\"widget\" data-widget_type=\"image.default\">\n\t\t\t\t<div class=\"elementor-widget-container\">\n\t\t\t\t\t\t\t\t\t\t\t\t\t<img decoding=\"async\" width=\"200\" height=\"24\" src=\"http:\/\/camdg.com.ar\/demo\/wp-content\/uploads\/2019\/04\/piebordo.png\" class=\"attachment-large size-large wp-image-450\" alt=\"\" srcset=\"http:\/\/camdg.com.ar\/demo\/wp-content\/uploads\/2019\/04\/piebordo.png 200w, http:\/\/camdg.com.ar\/demo\/wp-content\/uploads\/2019\/04\/piebordo-150x18.png 150w\" sizes=\"(max-width: 200px) 100vw, 200px\" \/>\t\t\t\t\t\t\t\t\t\t\t\t\t<\/div>\n\t\t\t\t<\/div>\n\t\t\t\t\t<\/div>\n\t\t<\/div>\n\t\t\t\t\t<\/div>\n\t\t<\/section>\n\t\t\t\t\t<\/div>\n\t\t<\/div>\n\t\t\t\t\t<\/div>\n\t\t<\/section>\n\t\t\t\t<\/div>\n\t\t","protected":false},"excerpt":{"rendered":"<p>SOCIO. Es Abogado por la Facultad de Derecho y Ciencias Pol\u00edticas de la Universidad Abierta Interamericana (2009). Procurador por la Facultad de Derecho y Ciencias Pol\u00edticas de la Universidad Abierta Interamericana (2004). Especialista en Educaci\u00f3n y Nuevas Tecnolog\u00edas por la\u00a0 Facultad Latinoamericana de Ciencias Sociales FLACSO (2012). Candidato a Magister&#8230;<\/p>\n<p> <a class=\"continue-reading-link\" href=\"http:\/\/camdg.com.ar\/demo\/jorge-alvarado-arichuluaga\/\"><span>Continue reading<\/span><i class=\"crycon-right-dir\"><\/i><\/a> <\/p>\n","protected":false},"author":3,"featured_media":0,"parent":0,"menu_order":0,"comment_status":"closed","ping_status":"closed","template":"","meta":{"footnotes":""},"_links":{"self":[{"href":"http:\/\/camdg.com.ar\/demo\/wp-json\/wp\/v2\/pages\/387"}],"collection":[{"href":"http:\/\/camdg.com.ar\/demo\/wp-json\/wp\/v2\/pages"}],"about":[{"href":"http:\/\/camdg.com.ar\/demo\/wp-json\/wp\/v2\/types\/page"}],"author":[{"embeddable":true,"href":"http:\/\/camdg.com.ar\/demo\/wp-json\/wp\/v2\/users\/3"}],"replies":[{"embeddable":true,"href":"http:\/\/camdg.com.ar\/demo\/wp-json\/wp\/v2\/comments?post=387"}],"version-history":[{"count":8,"href":"http:\/\/camdg.com.ar\/demo\/wp-json\/wp\/v2\/pages\/387\/revisions"}],"predecessor-version":[{"id":545,"href":"http:\/\/camdg.com.ar\/demo\/wp-json\/wp\/v2\/pages\/387\/revisions\/545"}],"wp:attachment":[{"href":"http:\/\/camdg.com.ar\/demo\/wp-json\/wp\/v2\/media?parent=387"}],"curies":[{"name":"wp","href":"https:\/\/api.w.org\/{rel}","templated":true}]}}