{"id":311,"date":"2019-04-02T20:57:16","date_gmt":"2019-04-02T20:57:16","guid":{"rendered":"http:\/\/camdg.com.ar\/demo\/?page_id=311"},"modified":"2019-04-16T20:32:07","modified_gmt":"2019-04-16T20:32:07","slug":"arbitraje","status":"publish","type":"page","link":"http:\/\/camdg.com.ar\/demo\/arbitraje\/","title":{"rendered":"Area Extrajudicial"},"content":{"rendered":"\t\t<div data-elementor-type=\"wp-post\" data-elementor-id=\"311\" class=\"elementor elementor-311\">\n\t\t\t\t\t\t<section class=\"elementor-section elementor-top-section elementor-element elementor-element-b430734 elementor-section-boxed elementor-section-height-default elementor-section-height-default\" data-id=\"b430734\" data-element_type=\"section\">\n\t\t\t\t\t\t<div class=\"elementor-container elementor-column-gap-default\">\n\t\t\t\t\t<div class=\"elementor-column elementor-col-100 elementor-top-column elementor-element elementor-element-62510af\" data-id=\"62510af\" data-element_type=\"column\">\n\t\t\t<div class=\"elementor-widget-wrap elementor-element-populated\">\n\t\t\t\t\t\t<section class=\"elementor-section elementor-inner-section elementor-element elementor-element-080239b elementor-section-boxed elementor-section-height-default elementor-section-height-default\" data-id=\"080239b\" data-element_type=\"section\">\n\t\t\t\t\t\t<div class=\"elementor-container elementor-column-gap-default\">\n\t\t\t\t\t<div class=\"elementor-column elementor-col-33 elementor-inner-column elementor-element elementor-element-a760425\" data-id=\"a760425\" data-element_type=\"column\">\n\t\t\t<div class=\"elementor-widget-wrap elementor-element-populated\">\n\t\t\t\t\t\t<div class=\"elementor-element elementor-element-9911667 elementor-widget elementor-widget-image\" data-id=\"9911667\" data-element_type=\"widget\" data-widget_type=\"image.default\">\n\t\t\t\t<div class=\"elementor-widget-container\">\n\t\t\t\t\t\t\t\t\t\t\t\t\t<img decoding=\"async\" width=\"10\" height=\"420\" src=\"http:\/\/camdg.com.ar\/demo\/wp-content\/uploads\/2019\/04\/puntos.png\" class=\"attachment-full size-full wp-image-424\" alt=\"\" \/>\t\t\t\t\t\t\t\t\t\t\t\t\t<\/div>\n\t\t\t\t<\/div>\n\t\t\t\t\t<\/div>\n\t\t<\/div>\n\t\t\t\t<div class=\"elementor-column elementor-col-33 elementor-inner-column elementor-element elementor-element-f757d52\" data-id=\"f757d52\" data-element_type=\"column\">\n\t\t\t<div class=\"elementor-widget-wrap elementor-element-populated\">\n\t\t\t\t\t\t<div class=\"elementor-element elementor-element-0d8f32e elementor-widget elementor-widget-text-editor\" data-id=\"0d8f32e\" data-element_type=\"widget\" data-widget_type=\"text-editor.default\">\n\t\t\t\t<div class=\"elementor-widget-container\">\n\t\t\t\t\t\t\t<ul><li style=\"text-align: justify;\"><strong>SECCI\u00d3N DE NEGOCIACI\u00d3N Y CONVENIOS<\/strong><\/li><\/ul><p style=\"text-align: justify;\">Este bufete cuenta con profesionales especialmente cualificados para llevar adelante negociaciones y convenios tanto a nivel nacional como internacional, en las diversas ramas del Derecho P\u00fablico y Privado.<\/p><ul style=\"text-align: justify;\"><li><strong>SECCI\u00d3N ASESORAMIENTO JUR\u00cdDICO INTEGRAL Y ASESORAMIENTO A EMPRESAS EN MATERIA DE RELACIONES LABORALES<\/strong><\/li><\/ul><p style=\"text-align: justify;\">El contexto actual expone a las empresas a situaciones de conflictividad cada vez m\u00e1s frecuentes y complejas con sindicatos y representantes del personal. En este contexto, se hace cada vez m\u00e1s necesaria la asistencia de especialistas en Relaciones Laborales. Entre otros objetivos, para los siguientes fines;<\/p><ul style=\"text-align: justify;\"><li>Intervenir en conflictos individuales o colectivos.<\/li><li>Dise\u00f1ar una estrategia de relacionamiento con el personal y con los sindicatos<\/li><li>Capacitar a los mandos superiores y medios de la organizaci\u00f3n<\/li><li>Planificar acciones concretas para cumplir con objetivos cr\u00edticos para el negocio como la reducci\u00f3n del ausentismo y la disminuci\u00f3n y prevenci\u00f3n de la litigiosidad.<\/li><li>Tratar con referentes sindicales en representaci\u00f3n y sustituci\u00f3n de los funcionarios de la empresa.<\/li><\/ul><p style=\"text-align: justify;\">Nuestro equipo de trabajo est\u00e1 liderado por Gabriel Di Paolo, abogado (UNR) especializado en Econom\u00eda (UCA \u2013 Fundaci\u00f3n Libertad) y en Relaciones Laborales, con m\u00e1s de 15 a\u00f1os de experiencia en esta especialidad.<\/p><p style=\"text-align: justify;\">Nuestro objetivo no se reduce a proporcionar informaci\u00f3n y asesoramiento a empresas sino que persigue ayudar a sus directivos a formar un criterio jur\u00eddico que les permita una mayor comprensi\u00f3n de las decisiones a tomar; todo ello, dando una concepci\u00f3n preventiva del derecho.<\/p><p style=\"text-align: justify;\">A tales fines, concebimos nuestra funci\u00f3n desde una doble perspectiva:<\/p><ul><li style=\"text-align: justify;\">Elaborar dict\u00e1menes e informes seg\u00fan las reglas del derecho;<\/li><li style=\"text-align: justify;\">Introducir al empresario a analizar y meritar ese dictamen en funci\u00f3n de otros criterios (costes posibles, cultura de la empresa en cuesti\u00f3n, oportunidad de la negociaci\u00f3n, medios alternativos para la resoluci\u00f3n del conflicto).<\/li><li style=\"text-align: justify;\">Lograr la formaci\u00f3n de ese criterio jur\u00eddico en el empresario<\/li><li style=\"text-align: justify;\">Servicio de asesoramiento legal solicitado puntualmente por la empresa.<\/li><li style=\"text-align: justify;\">Informaci\u00f3n peri\u00f3dica acerca de novedades legislativas y jurisprudenciales que impactan en el quehacer de la empresa<\/li><li style=\"text-align: justify;\">Cursillos de actualizaci\u00f3n en temas laborales y de derecho empresarial en general.<\/li><\/ul>\t\t\t\t\t\t<\/div>\n\t\t\t\t<\/div>\n\t\t\t\t\t<\/div>\n\t\t<\/div>\n\t\t\t\t<div class=\"elementor-column elementor-col-33 elementor-inner-column elementor-element elementor-element-cf9d5bd\" data-id=\"cf9d5bd\" data-element_type=\"column\">\n\t\t\t<div class=\"elementor-widget-wrap elementor-element-populated\">\n\t\t\t\t\t\t<div class=\"elementor-element elementor-element-95b183f elementor-widget elementor-widget-image\" data-id=\"95b183f\" data-element_type=\"widget\" data-widget_type=\"image.default\">\n\t\t\t\t<div class=\"elementor-widget-container\">\n\t\t\t\t\t\t\t\t\t\t\t\t\t<img fetchpriority=\"high\" decoding=\"async\" width=\"546\" height=\"400\" src=\"http:\/\/camdg.com.ar\/demo\/wp-content\/uploads\/2019\/04\/sec-serviciosva.png\" class=\"attachment-full size-full wp-image-435\" alt=\"\" srcset=\"http:\/\/camdg.com.ar\/demo\/wp-content\/uploads\/2019\/04\/sec-serviciosva.png 546w, http:\/\/camdg.com.ar\/demo\/wp-content\/uploads\/2019\/04\/sec-serviciosva-300x220.png 300w, http:\/\/camdg.com.ar\/demo\/wp-content\/uploads\/2019\/04\/sec-serviciosva-150x110.png 150w\" sizes=\"(max-width: 546px) 100vw, 546px\" \/>\t\t\t\t\t\t\t\t\t\t\t\t\t<\/div>\n\t\t\t\t<\/div>\n\t\t\t\t\t<\/div>\n\t\t<\/div>\n\t\t\t\t\t<\/div>\n\t\t<\/section>\n\t\t\t\t\t<\/div>\n\t\t<\/div>\n\t\t\t\t\t<\/div>\n\t\t<\/section>\n\t\t\t\t<\/div>\n\t\t","protected":false},"excerpt":{"rendered":"<p>SECCI\u00d3N DE NEGOCIACI\u00d3N Y CONVENIOS Este bufete cuenta con profesionales especialmente cualificados para llevar adelante negociaciones y convenios tanto a nivel nacional como internacional, en las diversas ramas del Derecho P\u00fablico y Privado. SECCI\u00d3N ASESORAMIENTO JUR\u00cdDICO INTEGRAL Y ASESORAMIENTO A EMPRESAS EN MATERIA DE RELACIONES LABORALES El contexto actual expone&#8230;<\/p>\n<p> <a class=\"continue-reading-link\" href=\"http:\/\/camdg.com.ar\/demo\/arbitraje\/\"><span>Continue reading<\/span><i class=\"crycon-right-dir\"><\/i><\/a> <\/p>\n","protected":false},"author":3,"featured_media":0,"parent":0,"menu_order":0,"comment_status":"closed","ping_status":"closed","template":"","meta":{"footnotes":""},"_links":{"self":[{"href":"http:\/\/camdg.com.ar\/demo\/wp-json\/wp\/v2\/pages\/311"}],"collection":[{"href":"http:\/\/camdg.com.ar\/demo\/wp-json\/wp\/v2\/pages"}],"about":[{"href":"http:\/\/camdg.com.ar\/demo\/wp-json\/wp\/v2\/types\/page"}],"author":[{"embeddable":true,"href":"http:\/\/camdg.com.ar\/demo\/wp-json\/wp\/v2\/users\/3"}],"replies":[{"embeddable":true,"href":"http:\/\/camdg.com.ar\/demo\/wp-json\/wp\/v2\/comments?post=311"}],"version-history":[{"count":8,"href":"http:\/\/camdg.com.ar\/demo\/wp-json\/wp\/v2\/pages\/311\/revisions"}],"predecessor-version":[{"id":442,"href":"http:\/\/camdg.com.ar\/demo\/wp-json\/wp\/v2\/pages\/311\/revisions\/442"}],"wp:attachment":[{"href":"http:\/\/camdg.com.ar\/demo\/wp-json\/wp\/v2\/media?parent=311"}],"curies":[{"name":"wp","href":"https:\/\/api.w.org\/{rel}","templated":true}]}}