{"id":287,"date":"2019-04-01T21:16:34","date_gmt":"2019-04-01T21:16:34","guid":{"rendered":"http:\/\/camdg.com.ar\/demo\/?page_id=287"},"modified":"2019-04-16T20:29:57","modified_gmt":"2019-04-16T20:29:57","slug":"principales-clientes","status":"publish","type":"page","link":"http:\/\/camdg.com.ar\/demo\/principales-clientes\/","title":{"rendered":"Principales Clientes"},"content":{"rendered":"\t\t<div data-elementor-type=\"wp-post\" data-elementor-id=\"287\" class=\"elementor elementor-287\">\n\t\t\t\t\t\t<section class=\"elementor-section elementor-top-section elementor-element elementor-element-d0af791 elementor-section-boxed elementor-section-height-default elementor-section-height-default\" data-id=\"d0af791\" data-element_type=\"section\">\n\t\t\t\t\t\t<div class=\"elementor-container elementor-column-gap-default\">\n\t\t\t\t\t<div class=\"elementor-column elementor-col-33 elementor-top-column elementor-element elementor-element-185f552\" data-id=\"185f552\" data-element_type=\"column\">\n\t\t\t<div class=\"elementor-widget-wrap elementor-element-populated\">\n\t\t\t\t\t\t<div class=\"elementor-element elementor-element-6595917 elementor-widget elementor-widget-image\" data-id=\"6595917\" data-element_type=\"widget\" data-widget_type=\"image.default\">\n\t\t\t\t<div class=\"elementor-widget-container\">\n\t\t\t\t\t\t\t\t\t\t\t\t\t<img decoding=\"async\" width=\"10\" height=\"420\" src=\"http:\/\/camdg.com.ar\/demo\/wp-content\/uploads\/2019\/04\/puntos.png\" class=\"attachment-full size-full wp-image-424\" alt=\"\" \/>\t\t\t\t\t\t\t\t\t\t\t\t\t<\/div>\n\t\t\t\t<\/div>\n\t\t\t\t\t<\/div>\n\t\t<\/div>\n\t\t\t\t<div class=\"elementor-column elementor-col-33 elementor-top-column elementor-element elementor-element-ba42d95\" data-id=\"ba42d95\" data-element_type=\"column\">\n\t\t\t<div class=\"elementor-widget-wrap elementor-element-populated\">\n\t\t\t\t\t\t<div class=\"elementor-element elementor-element-22d9df6 elementor-widget elementor-widget-text-editor\" data-id=\"22d9df6\" data-element_type=\"widget\" data-widget_type=\"text-editor.default\">\n\t\t\t\t<div class=\"elementor-widget-container\">\n\t\t\t\t\t\t\t<p><strong>PRINCIPALES CLIENTES<\/strong><\/p><p>El Estudio Jur\u00eddico <strong>Alvarado Velloso &amp; Asociados<\/strong> fue fundado en noviembre de 1989. Entre sus principales clientes se encuentran o se encontraron:<\/p><ul><li>Acindar IAASA<\/li><li>Administraci\u00f3n Nacional de Navegaci\u00f3n y Puertos del Paraguay<\/li><li>Advance<\/li><li>Asociaci\u00f3n Argentina de Golf<\/li><li>Banco de la Ciudad de Buenos Aires<\/li><li>Banco Rio de la Plata<\/li><li>Banco Tornsquist<\/li><li>Basf Argentina<\/li><li>Berkley internacional Art S.A.<\/li><li>Berkley International Seguros S.A.<\/li><li>C\u00e1mara de Fabricantes de Instrumentos de Pesar y Medir<\/li><li>Centro de Mastologia de Rosario<\/li><li>Construcciones Ing. Juan Carlos Imbrogno<\/li><li>COyDE<\/li><li>Itaip\u00fa Binacional<\/li><li>Molino Ca\u00f1uelas<\/li><li>Molinos Adelia Mar\u00eda<\/li><li>Movil Sar<\/li><li>Municipalidad de la ciudad de Funes<\/li><li>Municipalidad de la ciudad de Quilmes<\/li><li>Municipalidad de San Nicol\u00e1s de los Arroyos<\/li><li>NCR Argentina<\/li><li>Nuevo Banco de Santa Fe S.A.<\/li><li>Paran\u00e1 S.A. De seguros<\/li><li>Rep\u00fablica del Paraguay<\/li><li>Resolvit It<\/li><li>Seta Hidrovial Arquitectura y Tecnolog\u00eda Estructural<\/li><li>Sudamerica Compa\u00f1\u00eda de Seguros<\/li><li>Tarjeta Comfiar<\/li><li>Telef\u00f3nica Comunicaciones Personales SA (Unifon)<\/li><li>Telef\u00f3nica de Argentina<\/li><li>Transporte Baigorria SRL<\/li><\/ul><p>\u00a0<\/p><p>\u00a0<\/p><p>\u00a0<\/p>\t\t\t\t\t\t<\/div>\n\t\t\t\t<\/div>\n\t\t\t\t\t<\/div>\n\t\t<\/div>\n\t\t\t\t<div class=\"elementor-column elementor-col-33 elementor-top-column elementor-element elementor-element-414c70b\" data-id=\"414c70b\" data-element_type=\"column\">\n\t\t\t<div class=\"elementor-widget-wrap elementor-element-populated\">\n\t\t\t\t\t\t<div class=\"elementor-element elementor-element-73a45b0 elementor-widget elementor-widget-image\" data-id=\"73a45b0\" data-element_type=\"widget\" data-widget_type=\"image.default\">\n\t\t\t\t<div class=\"elementor-widget-container\">\n\t\t\t\t\t\t\t\t\t\t\t\t\t<img fetchpriority=\"high\" decoding=\"async\" width=\"546\" height=\"400\" src=\"http:\/\/camdg.com.ar\/demo\/wp-content\/uploads\/2019\/04\/sec-clientes.png\" class=\"attachment-large size-large wp-image-437\" alt=\"\" srcset=\"http:\/\/camdg.com.ar\/demo\/wp-content\/uploads\/2019\/04\/sec-clientes.png 546w, http:\/\/camdg.com.ar\/demo\/wp-content\/uploads\/2019\/04\/sec-clientes-300x220.png 300w, http:\/\/camdg.com.ar\/demo\/wp-content\/uploads\/2019\/04\/sec-clientes-150x110.png 150w\" sizes=\"(max-width: 546px) 100vw, 546px\" \/>\t\t\t\t\t\t\t\t\t\t\t\t\t<\/div>\n\t\t\t\t<\/div>\n\t\t\t\t\t<\/div>\n\t\t<\/div>\n\t\t\t\t\t<\/div>\n\t\t<\/section>\n\t\t\t\t<\/div>\n\t\t","protected":false},"excerpt":{"rendered":"<p>PRINCIPALES CLIENTES El Estudio Jur\u00eddico Alvarado Velloso &amp; Asociados fue fundado en noviembre de 1989. Entre sus principales clientes se encuentran o se encontraron: Acindar IAASA Administraci\u00f3n Nacional de Navegaci\u00f3n y Puertos del Paraguay Advance Asociaci\u00f3n Argentina de Golf Banco de la Ciudad de Buenos Aires Banco Rio de la&#8230;<\/p>\n<p> <a class=\"continue-reading-link\" href=\"http:\/\/camdg.com.ar\/demo\/principales-clientes\/\"><span>Continue reading<\/span><i class=\"crycon-right-dir\"><\/i><\/a> <\/p>\n","protected":false},"author":3,"featured_media":0,"parent":0,"menu_order":0,"comment_status":"closed","ping_status":"closed","template":"","meta":{"footnotes":""},"_links":{"self":[{"href":"http:\/\/camdg.com.ar\/demo\/wp-json\/wp\/v2\/pages\/287"}],"collection":[{"href":"http:\/\/camdg.com.ar\/demo\/wp-json\/wp\/v2\/pages"}],"about":[{"href":"http:\/\/camdg.com.ar\/demo\/wp-json\/wp\/v2\/types\/page"}],"author":[{"embeddable":true,"href":"http:\/\/camdg.com.ar\/demo\/wp-json\/wp\/v2\/users\/3"}],"replies":[{"embeddable":true,"href":"http:\/\/camdg.com.ar\/demo\/wp-json\/wp\/v2\/comments?post=287"}],"version-history":[{"count":5,"href":"http:\/\/camdg.com.ar\/demo\/wp-json\/wp\/v2\/pages\/287\/revisions"}],"predecessor-version":[{"id":439,"href":"http:\/\/camdg.com.ar\/demo\/wp-json\/wp\/v2\/pages\/287\/revisions\/439"}],"wp:attachment":[{"href":"http:\/\/camdg.com.ar\/demo\/wp-json\/wp\/v2\/media?parent=287"}],"curies":[{"name":"wp","href":"https:\/\/api.w.org\/{rel}","templated":true}]}}