{"id":279,"date":"2019-04-01T21:15:38","date_gmt":"2019-04-01T21:15:38","guid":{"rendered":"http:\/\/camdg.com.ar\/demo\/?page_id=279"},"modified":"2019-09-17T18:41:48","modified_gmt":"2019-09-17T18:41:48","slug":"estudio","status":"publish","type":"page","link":"http:\/\/camdg.com.ar\/demo\/estudio\/","title":{"rendered":"Estudio"},"content":{"rendered":"\t\t<div data-elementor-type=\"wp-post\" data-elementor-id=\"279\" class=\"elementor elementor-279\">\n\t\t\t\t\t\t<section class=\"elementor-section elementor-top-section elementor-element elementor-element-3660c29 elementor-section-boxed elementor-section-height-default elementor-section-height-default\" data-id=\"3660c29\" data-element_type=\"section\">\n\t\t\t\t\t\t<div class=\"elementor-container elementor-column-gap-default\">\n\t\t\t\t\t<div class=\"elementor-column elementor-col-100 elementor-top-column elementor-element elementor-element-30e42fb\" data-id=\"30e42fb\" data-element_type=\"column\">\n\t\t\t<div class=\"elementor-widget-wrap elementor-element-populated\">\n\t\t\t\t\t\t<section class=\"elementor-section elementor-inner-section elementor-element elementor-element-45c2a08 elementor-section-boxed elementor-section-height-default elementor-section-height-default\" data-id=\"45c2a08\" data-element_type=\"section\">\n\t\t\t\t\t\t<div class=\"elementor-container elementor-column-gap-default\">\n\t\t\t\t\t<div class=\"elementor-column elementor-col-50 elementor-inner-column elementor-element elementor-element-4ed462e\" data-id=\"4ed462e\" data-element_type=\"column\">\n\t\t\t<div class=\"elementor-widget-wrap elementor-element-populated\">\n\t\t\t\t\t\t<div class=\"elementor-element elementor-element-7f1d8cf elementor-widget elementor-widget-image\" data-id=\"7f1d8cf\" data-element_type=\"widget\" data-widget_type=\"image.default\">\n\t\t\t\t<div class=\"elementor-widget-container\">\n\t\t\t\t\t\t\t\t\t\t\t\t\t<img decoding=\"async\" width=\"10\" height=\"420\" src=\"http:\/\/camdg.com.ar\/demo\/wp-content\/uploads\/2019\/04\/puntos.png\" class=\"attachment-large size-large wp-image-424\" alt=\"\" \/>\t\t\t\t\t\t\t\t\t\t\t\t\t<\/div>\n\t\t\t\t<\/div>\n\t\t\t\t\t<\/div>\n\t\t<\/div>\n\t\t\t\t<div class=\"elementor-column elementor-col-50 elementor-inner-column elementor-element elementor-element-a488272\" data-id=\"a488272\" data-element_type=\"column\">\n\t\t\t<div class=\"elementor-widget-wrap elementor-element-populated\">\n\t\t\t\t\t\t<div class=\"elementor-element elementor-element-3092be2 elementor-widget elementor-widget-text-editor\" data-id=\"3092be2\" data-element_type=\"widget\" data-widget_type=\"text-editor.default\">\n\t\t\t\t<div class=\"elementor-widget-container\">\n\t\t\t\t\t\t\t<p><span style=\"color: #808080;\">El Estudio Jur\u00eddico\u00a0<strong>Alvarado Velloso &amp; Asociados<\/strong>\u00a0fue fundado en noviembre de 1989 y tiene sedes en las ciudades de Rosario, y Asunci\u00f3n del Paraguay. Se encuentra asociado con importantes bufetes abogadiles con domicilio en todas las sedes judiciales de la Provincia de Santa Fe, as\u00ed como en la mayor\u00eda de las provincias argentinas y de las capitales de los pa\u00edses integrantes del Mercosur\u00a0 y Espa\u00f1a.<\/span><span style=\"color: #808080;\">\u00a0<\/span><\/p><p><span style=\"color: #808080;\">Fue fundado por el Dr. Adolfo Alvarado Velloso, reconocido catedr\u00e1tico y autor de m\u00e1s de un centenar de obras sobre Derecho Procesal, siendo referencia obligada en esa materia para varias generaciones de estudiantes de derecho de todo el continente.<\/span><\/p><p><span style=\"color: #808080; word-spacing: inherit;\">La atenci\u00f3n de los clientes est\u00e1 a cargo de un equipo de profesionales con vasta experiencia en resoluci\u00f3n de conflictos, formados en la escuela del socio fundador, con el respaldo de sus conocimientos y el trabajo en equipo.<\/span><\/p><p><strong><br \/>VISI\u00d3N<\/strong><br \/>Somos un Estudio enfocado y entrenado para la resoluci\u00f3n de los conflictos, ya sea por v\u00eda extrajudicial o judicial. Lo hacemos con un m\u00e9todo que procura la defensa de los intereses del cliente, al mismo tiempo que eval\u00faa sus riesgos y propone soluciones alternativas de resoluci\u00f3n.<br \/><strong>MISI\u00d3N<\/strong><br \/>Posicionarnos como el estudio de referencia en la ciudad de Rosario tanto para emprendedores, para empresas y para otros profesionales que requieren apoyo y asistencia en los asuntos a su cargo.<br \/><strong>VALORES<\/strong><br \/>Excelencia, integridad, dedicaci\u00f3n y trabajo en equipo.<\/p>\t\t\t\t\t\t<\/div>\n\t\t\t\t<\/div>\n\t\t\t\t<div class=\"elementor-element elementor-element-512b9c6 elementor-widget elementor-widget-text-editor\" data-id=\"512b9c6\" data-element_type=\"widget\" data-widget_type=\"text-editor.default\">\n\t\t\t\t<div class=\"elementor-widget-container\">\n\t\t\t\t\t\t\t<p><strong><br \/><br \/><\/strong><\/p>\t\t\t\t\t\t<\/div>\n\t\t\t\t<\/div>\n\t\t\t\t\t<\/div>\n\t\t<\/div>\n\t\t\t\t\t<\/div>\n\t\t<\/section>\n\t\t\t\t\t<\/div>\n\t\t<\/div>\n\t\t\t\t<div class=\"elementor-column elementor-col-100 elementor-top-column elementor-element elementor-element-10a9d0f\" data-id=\"10a9d0f\" data-element_type=\"column\">\n\t\t\t<div class=\"elementor-widget-wrap elementor-element-populated\">\n\t\t\t\t\t\t<div class=\"elementor-element elementor-element-5de9c76 elementor-widget elementor-widget-image\" data-id=\"5de9c76\" data-element_type=\"widget\" data-widget_type=\"image.default\">\n\t\t\t\t<div class=\"elementor-widget-container\">\n\t\t\t\t\t\t\t\t\t\t\t\t\t<img fetchpriority=\"high\" decoding=\"async\" width=\"600\" height=\"400\" src=\"http:\/\/camdg.com.ar\/demo\/wp-content\/uploads\/2019\/04\/sec-estudio.png\" class=\"attachment-full size-full wp-image-426\" alt=\"\" srcset=\"http:\/\/camdg.com.ar\/demo\/wp-content\/uploads\/2019\/04\/sec-estudio.png 600w, http:\/\/camdg.com.ar\/demo\/wp-content\/uploads\/2019\/04\/sec-estudio-300x200.png 300w, http:\/\/camdg.com.ar\/demo\/wp-content\/uploads\/2019\/04\/sec-estudio-150x100.png 150w\" sizes=\"(max-width: 600px) 100vw, 600px\" \/>\t\t\t\t\t\t\t\t\t\t\t\t\t<\/div>\n\t\t\t\t<\/div>\n\t\t\t\t\t<\/div>\n\t\t<\/div>\n\t\t\t\t\t<\/div>\n\t\t<\/section>\n\t\t\t\t<\/div>\n\t\t","protected":false},"excerpt":{"rendered":"<p>El Estudio Jur\u00eddico\u00a0Alvarado Velloso &amp; Asociados\u00a0fue fundado en noviembre de 1989 y tiene sedes en las ciudades de Rosario, y Asunci\u00f3n del Paraguay. Se encuentra asociado con importantes bufetes abogadiles con domicilio en todas las sedes judiciales de la Provincia de Santa Fe, as\u00ed como en la mayor\u00eda de las&#8230;<\/p>\n<p> <a class=\"continue-reading-link\" href=\"http:\/\/camdg.com.ar\/demo\/estudio\/\"><span>Continue reading<\/span><i class=\"crycon-right-dir\"><\/i><\/a> <\/p>\n","protected":false},"author":3,"featured_media":0,"parent":0,"menu_order":0,"comment_status":"closed","ping_status":"closed","template":"","meta":{"footnotes":""},"_links":{"self":[{"href":"http:\/\/camdg.com.ar\/demo\/wp-json\/wp\/v2\/pages\/279"}],"collection":[{"href":"http:\/\/camdg.com.ar\/demo\/wp-json\/wp\/v2\/pages"}],"about":[{"href":"http:\/\/camdg.com.ar\/demo\/wp-json\/wp\/v2\/types\/page"}],"author":[{"embeddable":true,"href":"http:\/\/camdg.com.ar\/demo\/wp-json\/wp\/v2\/users\/3"}],"replies":[{"embeddable":true,"href":"http:\/\/camdg.com.ar\/demo\/wp-json\/wp\/v2\/comments?post=279"}],"version-history":[{"count":26,"href":"http:\/\/camdg.com.ar\/demo\/wp-json\/wp\/v2\/pages\/279\/revisions"}],"predecessor-version":[{"id":528,"href":"http:\/\/camdg.com.ar\/demo\/wp-json\/wp\/v2\/pages\/279\/revisions\/528"}],"wp:attachment":[{"href":"http:\/\/camdg.com.ar\/demo\/wp-json\/wp\/v2\/media?parent=279"}],"curies":[{"name":"wp","href":"https:\/\/api.w.org\/{rel}","templated":true}]}}